{"id":3419,"date":"2025-02-24T20:06:55","date_gmt":"2025-02-24T19:06:55","guid":{"rendered":"https:\/\/barrop.com\/?page_id=3419"},"modified":"2026-04-24T17:36:30","modified_gmt":"2026-04-24T15:36:30","slug":"contacto","status":"publish","type":"page","link":"https:\/\/barrop.com\/pt\/contacto\/","title":{"rendered":"Contacto"},"content":{"rendered":"\n<h1 class=\"wp-block-heading\">Contacte-nos<\/h1>\n\n\n\n<p>Em que podemos ajud&aacute;-lo?<\/p>\n\n\n\n<p>Preencha este formul&aacute;rio ou contacte-nos por um dos nossos canais e resolveremos as suas quest&otilde;es.<\/p>\n\n\n\n<div style=\"height:100px\" aria-hidden=\"true\" class=\"wp-block-spacer espacio32\"><\/div>\n\n\n\n<div class=\"wp-block-columns cols_mapa_form is-layout-flex wp-container-core-columns-is-layout-9d6595d7 wp-block-columns-is-layout-flex\">\n<div class=\"wp-block-column is-layout-flow wp-block-column-is-layout-flow\" style=\"flex-basis:48%\">\n<iframe src=\"https:\/\/www.google.com\/maps\/embed?pb=!1m18!1m12!1m3!1d3076.0843936244974!2d-0.3365133999999999!3d39.5577046!2m3!1f0!2f0!3f0!3m2!1i1024!2i768!4f13.1!3m3!1m2!1s0xd6047261b3f4d2f%3A0xac0f9f6728f8c4fe!2sBarrop!5e0!3m2!1ses!2ses!4v1741687864689!5m2!1ses!2ses\" width=\"100%\" height=\"100%\" style=\"border:0;border-radius:21px\" allowfullscreen=\"\" loading=\"lazy\" referrerpolicy=\"no-referrer-when-downgrade\"><\/iframe>\n<\/div>\n\n\n\n<div class=\"wp-block-column is-layout-flow wp-block-column-is-layout-flow\" style=\"flex-basis:52%\">\n<div class=\"wpcf7 no-js\" id=\"wpcf7-f3420-o1\" lang=\"pt-PT\" dir=\"ltr\" data-wpcf7-id=\"3420\">\n<div class=\"screen-reader-response\"><p role=\"status\" aria-live=\"polite\" aria-atomic=\"true\"><\/p> <ul><\/ul><\/div>\n<form action=\"\/pt\/wp-json\/wp\/v2\/pages\/3419#wpcf7-f3420-o1\" method=\"post\" class=\"wpcf7-form init\" aria-label=\"Formul\u00e1rio de contacto\" novalidate=\"novalidate\" data-status=\"init\">\n<fieldset class=\"hidden-fields-container\"><input type=\"hidden\" name=\"_wpcf7\" value=\"3420\" \/><input type=\"hidden\" name=\"_wpcf7_version\" value=\"6.1.3\" \/><input type=\"hidden\" name=\"_wpcf7_locale\" value=\"pt_PT\" \/><input type=\"hidden\" name=\"_wpcf7_unit_tag\" value=\"wpcf7-f3420-o1\" \/><input type=\"hidden\" name=\"_wpcf7_container_post\" value=\"0\" \/><input type=\"hidden\" name=\"_wpcf7_posted_data_hash\" value=\"\" \/>\n<\/fieldset>\n<p class=\"form-input\"><span class=\"wpcf7-form-control-wrap\" data-name=\"your-name\"><input size=\"40\" maxlength=\"400\" class=\"wpcf7-form-control wpcf7-text wpcf7-validates-as-required\" autocomplete=\"given-name\" aria-required=\"true\" aria-invalid=\"false\" placeholder=\"Nome*\" value=\"\" type=\"text\" name=\"your-name\" \/><\/span><span class=\"wpcf7-form-control-wrap\" data-name=\"your-empresa\"><input size=\"40\" maxlength=\"400\" class=\"wpcf7-form-control wpcf7-text\" autocomplete=\"tel\" aria-invalid=\"false\" placeholder=\"Empresa\" value=\"\" type=\"text\" name=\"your-empresa\" \/><\/span><span class=\"wpcf7-form-control-wrap\" data-name=\"your-email\"><input size=\"40\" maxlength=\"400\" class=\"wpcf7-form-control wpcf7-email wpcf7-validates-as-required wpcf7-text wpcf7-validates-as-email\" autocomplete=\"email\" aria-required=\"true\" aria-invalid=\"false\" placeholder=\"E-mail*\" value=\"\" type=\"email\" name=\"your-email\" \/><\/span>\n<\/p>\n<p class=\"form-textarea\"><span class=\"wpcf7-form-control-wrap\" data-name=\"your-message\"><textarea cols=\"40\" rows=\"10\" maxlength=\"2000\" class=\"wpcf7-form-control wpcf7-textarea\" aria-invalid=\"false\" placeholder=\"Se quiser deixar-nos algum coment\u00e1rio...\" name=\"your-message\"><\/textarea><\/span><span align=\"center\" class=\"form-envio\"><input class=\"wpcf7-form-control wpcf7-submit has-spinner\" type=\"submit\" value=\"Enviar\" \/><\/span>\n<\/p>\n<div class=\"desplegable_rgpd1\">\n\t<div>\n\t\t<h3 class=\"dsplgble_titulo\" role=\"button\">INFORMA\u00c7\u00d5ES B\u00c1SICAS SOBRE A PROTE\u00c7\u00c3O DE DADOS\n\t\t<\/h3>\n\t\t<div class=\"contingut\">\n\t\t\t<p>Em cumprimento do dever de informar os titulares dos dados sobre as circunst\u00e2ncias e condi\u00e7\u00f5es do tratamento dos seus dados e sobre os direitos que lhes assistem, disponibilizamos as seguintes informa\u00e7\u00f5es:\n\t\t\t<\/p>\n\t\t\t<table class=\"tabla_form\">\n\t\t\t\t<tr>\n\t\t\t\t\t<td>\n\t\t\t\t\t\t<p>RESPONS\u00c1VEL PELO TRATAMENTO\n\t\t\t\t\t\t<\/p>\n\t\t\t\t\t<\/td>\n\t\t\t\t\t<td>\n\t\t\t\t\t\t<p>BARRIDOS DE OP SL - CIF: B46738563 Endere\u00e7o postal: AVDA BARCELONA, 49, CP: 46136 - MUSEROS (VAL\u00caNCIA)\n\t\t\t\t\t\t<\/p>\n\t\t\t\t\t<\/td>\n\t\t\t\t<\/tr>\n\t\t\t\t<tr>\n\t\t\t\t\t<td>\n\t\t\t\t\t\t<p>FINALIDADE\n\t\t\t\t\t\t<\/p>\n\t\t\t\t\t<\/td>\n\t\t\t\t\t<td>\n\t\t\t\t\t\t<p>Gerir a sua consulta\/pedido e dar-lhe resposta.\n\t\t\t\t\t\t<\/p>\n\t\t\t\t\t<\/td>\n\t\t\t\t<\/tr>\n\t\t\t\t<tr>\n\t\t\t\t\t<td>\n\t\t\t\t\t\t<p>FUNDAMENTO JUR\u00cdDICO\n\t\t\t\t\t\t<\/p>\n\t\t\t\t\t<\/td>\n\t\t\t\t\t<td>\n\t\t\t\t\t\t<p>O seu consentimento.\n\t\t\t\t\t\t<\/p>\n\t\t\t\t\t<\/td>\n\t\t\t\t<\/tr>\n\t\t\t\t<tr>\n\t\t\t\t\t<td>\n\t\t\t\t\t\t<p>DESTINAT\u00c1RIOS\n\t\t\t\t\t\t<\/p>\n\t\t\t\t\t<\/td>\n\t\t\t\t\t<td>\n\t\t\t\t\t\t<p>Os dados n\u00e3o ser\u00e3o cedidos a terceiros, salvo nos casos em que exista uma obriga\u00e7\u00e3o legal ou seja necess\u00e1ria a comunica\u00e7\u00e3o para responder \u00e0 sua consulta.\n\t\t\t\t\t\t<\/p>\n\t\t\t\t\t<\/td>\n\t\t\t\t<\/tr>\n\t\t\t\t<tr>\n\t\t\t\t\t<td>\n\t\t\t\t\t\t<p>DIREITOS\n\t\t\t\t\t\t<\/p>\n\t\t\t\t\t<\/td>\n\t\t\t\t\t<td>\n\t\t\t\t\t\t<p>Pode exercer os seus direitos de acesso, retifica\u00e7\u00e3o, oposi\u00e7\u00e3o, limita\u00e7\u00e3o, portabilidade e apagamento dos dados junto do respons\u00e1vel pelo tratamento; al\u00e9m de poder recorrer \u00e0 autoridade de controlo competente (AEPD).\n\t\t\t\t\t\t<\/p>\n\t\t\t\t\t<\/td>\n\t\t\t\t<\/tr>\n\t\t\t\t<tr>\n\t\t\t\t\t<td>\n\t\t\t\t\t\t<p>INFORMA\u00c7\u00d5ES ADICIONAIS\n\t\t\t\t\t\t<\/p>\n\t\t\t\t\t<\/td>\n\t\t\t\t\t<td>\n\t\t\t\t\t\t<p>Pode consultar informa\u00e7\u00f5es adicionais sobre o tratamento dos seus dados pessoais <a href=\"https:\/\/barrop.com\/pt\/politica-de-privacidade\/\">aqu\u00ed<\/a>.\n\t\t\t\t\t\t<\/p>\n\t\t\t\t\t<\/td>\n\t\t\t\t<\/tr>\n\t\t\t<\/table>\n\t\t<\/div>\n\t<\/div>\n<\/div>\n<p class=\"form-privacidad\"><span class=\"wpcf7-form-control-wrap\" data-name=\"acceptance-543\"><span class=\"wpcf7-form-control wpcf7-acceptance\"><span class=\"wpcf7-list-item\"><label><input type=\"checkbox\" name=\"acceptance-543\" value=\"1\" aria-invalid=\"false\" \/><span class=\"wpcf7-list-item-label\">*Li e aceito a <a href=\"https:\/\/barrop.com\/pt\/politica-de-privacidade\">Pol\u00edtica de privacidade<\/a><\/span><\/label><\/span><\/span><\/span><span class=\"wpcf7-form-control-wrap\" data-name=\"acceptance-544\"><span class=\"wpcf7-form-control wpcf7-acceptance optional\"><span class=\"wpcf7-list-item\"><label><input type=\"checkbox\" name=\"acceptance-544\" value=\"1\" aria-invalid=\"false\" \/><span class=\"wpcf7-list-item-label\">Aceito que os meus dados pessoais sejam utilizados para fins comerciais por meios eletr\u00f3nicos.<\/span><\/label><\/span><\/span><\/span>\n<\/p>\n<p class=\"form-emhp\"><span id=\"wpcf7-69ecdec2edb9e-wrapper\" class=\"wpcf7-form-control-wrap email-7-wrap\" style=\"display:none !important; visibility:hidden !important;\"><label for=\"wpcf7-69ecdec2edb9e-field\" class=\"hp-message\">Please leave this field empty.<\/label><input id=\"wpcf7-69ecdec2edb9e-field\"  class=\"wpcf7-form-control wpcf7-text\" type=\"text\" name=\"email-7\" value=\"\" size=\"40\" tabindex=\"-1\" autocomplete=\"new-password\" \/><\/span>\n<\/p><div class=\"wpcf7-response-output\" aria-hidden=\"true\"><\/div>\n<\/form>\n<\/div>\n\n<\/div>\n<\/div>\n\n\n\n<div style=\"height:100px\" aria-hidden=\"true\" class=\"wp-block-spacer espacio90\"><\/div>\n\n\n\n<div class=\"wp-block-columns cols_contacto is-layout-flex wp-container-core-columns-is-layout-9d6595d7 wp-block-columns-is-layout-flex\">\n<div class=\"wp-block-column is-layout-flow wp-block-column-is-layout-flow\" style=\"flex-basis:50%\">\n<div style=\"height:19px\" aria-hidden=\"true\" class=\"wp-block-spacer\"><\/div>\n\n\n<div class=\"wp-block-image\">\n<figure class=\"aligncenter size-full is-resized\"><img decoding=\"async\" src=\"https:\/\/barrop.com\/wp-content\/uploads\/2025\/03\/icono-telf-2.svg\" alt=\"\" class=\"wp-image-1914\" style=\"width:66px\"><\/figure><\/div>\n\n\n<div style=\"height:19px\" aria-hidden=\"true\" class=\"wp-block-spacer\"><\/div>\n\n\n\n<h2 class=\"wp-block-heading has-text-align-center\">Prefere ligar-nos?<\/h2>\n\n\n\n<p class=\"has-text-align-center\">Se precisar de uma resposta r&aacute;pida, pode contactar-nos diretamente por telefone. A nossa equipa ter&aacute; todo o prazer em atend&ecirc;-lo.<\/p>\n\n\n\n<p class=\"has-text-align-center\">Departamento comercial : <strong>(+34) 699 09 99 16<\/strong><br>Centro de encomendas: <strong>(+34) 625 82 42 79<\/strong><\/p>\n\n\n\n<p class=\"has-text-align-center\">Hor&aacute;rio de atendimento telef&oacute;nico:<br>Seg-Qui: 09:00 &ndash; 17:30<br>Sex: 09:00 &ndash; 14:30<\/p>\n<\/div>\n\n\n\n<div class=\"wp-block-column is-layout-flow wp-block-column-is-layout-flow\" style=\"flex-basis:50%\">\n<div style=\"height:19px\" aria-hidden=\"true\" class=\"wp-block-spacer\"><\/div>\n\n\n<div class=\"wp-block-image\">\n<figure class=\"aligncenter size-full is-resized\"><img decoding=\"async\" src=\"https:\/\/barrop.com\/wp-content\/uploads\/2025\/03\/icono-email-2.svg\" alt=\"\" class=\"wp-image-1909\" style=\"width:66px\"><\/figure><\/div>\n\n\n<div style=\"height:19px\" aria-hidden=\"true\" class=\"wp-block-spacer\"><\/div>\n\n\n\n<h2 class=\"wp-block-heading has-text-align-center\">Envie-nos um e-mail<\/h2>\n\n\n\n<p class=\"has-text-align-center\">Se preferir escrever-nos, estamos a um e-mail de dist&acirc;ncia. Envie-nos a sua quest&atilde;o e responderemos o mais brevemente poss&iacute;vel.<\/p>\n\n\n\n<p class=\"has-text-align-center\">Departamento comercial : <strong>info@barrop.es<\/strong><br>Centro de encomendas: <strong>pedidos@barrop.es<\/strong><\/p>\n<\/div>\n<\/div>\n\n\n\n<div style=\"height:100px\" aria-hidden=\"true\" class=\"wp-block-spacer espacio100\"><\/div>\n\n","protected":false},"excerpt":{"rendered":"<p>Contacte-nos Em que podemos ajud&aacute;-lo? Preencha este formul&aacute;rio ou contacte-nos por um dos nossos canais e resolveremos as suas quest&otilde;es. Prefere ligar-nos? Se precisar de uma resposta r&aacute;pida, pode contactar-nos diretamente por telefone. A nossa equipa ter&aacute; todo o prazer em atend&ecirc;-lo. Departamento comercial : (+34) 699 09 99 16Centro de encomendas: (+34) 625 82 &#8230; <a title=\"Contacto\" class=\"read-more\" href=\"https:\/\/barrop.com\/pt\/contacto\/\" aria-label=\"Read more about Contacto\">Read more<\/a><\/p>\n","protected":false},"author":1,"featured_media":0,"parent":0,"menu_order":0,"comment_status":"closed","ping_status":"closed","template":"","meta":{"footnotes":""},"class_list":["post-3419","page","type-page","status-publish"],"_links":{"self":[{"href":"https:\/\/barrop.com\/pt\/wp-json\/wp\/v2\/pages\/3419","targetHints":{"allow":["GET"]}}],"collection":[{"href":"https:\/\/barrop.com\/pt\/wp-json\/wp\/v2\/pages"}],"about":[{"href":"https:\/\/barrop.com\/pt\/wp-json\/wp\/v2\/types\/page"}],"author":[{"embeddable":true,"href":"https:\/\/barrop.com\/pt\/wp-json\/wp\/v2\/users\/1"}],"replies":[{"embeddable":true,"href":"https:\/\/barrop.com\/pt\/wp-json\/wp\/v2\/comments?post=3419"}],"version-history":[{"count":0,"href":"https:\/\/barrop.com\/pt\/wp-json\/wp\/v2\/pages\/3419\/revisions"}],"wp:attachment":[{"href":"https:\/\/barrop.com\/pt\/wp-json\/wp\/v2\/media?parent=3419"}],"curies":[{"name":"wp","href":"https:\/\/api.w.org\/{rel}","templated":true}]}}