{"id":3357,"date":"2024-07-09T16:28:56","date_gmt":"2024-07-09T14:28:56","guid":{"rendered":"https:\/\/barrop.com\/distribuidores\/"},"modified":"2026-04-24T13:13:09","modified_gmt":"2026-04-24T11:13:09","slug":"distribuidores","status":"publish","type":"page","link":"https:\/\/barrop.com\/pt\/distribuidores\/","title":{"rendered":"Distribuidores"},"content":{"rendered":"\n<div class=\"wp-block-group mas_ancho\"><div class=\"wp-block-group__inner-container is-layout-constrained wp-block-group-is-layout-constrained\">\n<h1 class=\"wp-block-heading\">Distribuidores oficiais da Barrop<\/h1>\n\n\n\n<p><strong>Mais perto de si<\/strong><\/p>\n\n\n\n<p>Contamos com 25 distribuidores de marcas de renome consolidadas no mercado mundial, distribu&iacute;dos por Espanha, Portugal e It&aacute;lia.<\/p>\n\n\n\n<p>A nossa premissa &eacute; garantir sempre um bom servi&ccedil;o de venda e p&oacute;s-venda. &Eacute; por isso que queremos estar o mais perto de si.<\/p>\n<\/div><\/div>\n\n<div class=\"wp-block-group mas_ancho\"><div class=\"wp-block-group__inner-container is-layout-constrained wp-block-group-is-layout-constrained\"><style>\r\n\t#wpsl-stores .wpsl-store-thumb {height:45px !important; width:45px !important;}\r\n\t#wpsl-stores, #wpsl-direction-details, #wpsl-gmap {height:510px !important;}\r\n\t#wpsl-gmap .wpsl-info-window {max-width:225px !important;}\r\n\t.wpsl-input label, #wpsl-radius label, #wpsl-category label {width:95px;}\r\n\t#wpsl-search-input  {width:179px;}\r\n<\/style>\r\n<div id=\"wpsl-wrap\">\r\n\t<div class=\"wpsl-search wpsl-clearfix wpsl-no-filters\">\r\n\t\t<div id=\"wpsl-search-wrap\">\r\n\t\t\t<form autocomplete=\"off\">\r\n\t\t\t<div class=\"wpsl-input\">\r\n\t\t\t\t<div><label for=\"wpsl-search-input\">Sua localiza\u00e7\u00e3o<\/label><\/div>\r\n\t\t\t\t<input id=\"wpsl-search-input\" type=\"text\" value=\"\" name=\"wpsl-search-input\" placeholder=\"\" aria-required=\"true\" \/>\r\n\t\t\t<\/div>\r\n\t\t\t\t<div class=\"wpsl-search-btn-wrap\"><input id=\"wpsl-search-btn\" type=\"submit\" value=\"Pesquisar\"><\/div>\r\n\t\t<\/form>\r\n\t\t<\/div>\r\n\t<\/div>\r\n\t<div id=\"wpsl-gmap\" class=\"wpsl-gmap-canvas\"><\/div>\r\n\t<div id=\"wpsl-result-list\">\r\n\t\t<div id=\"wpsl-stores\" >\r\n\t\t\t<ul><\/ul>\r\n\t\t<\/div>\r\n\t\t<div id=\"wpsl-direction-details\">\r\n\t\t\t<ul><\/ul>\r\n\t\t<\/div>\r\n\t<\/div>\r\n<\/div>\r\n\n\n\n\n<div style=\"height:12px\" aria-hidden=\"true\" class=\"wp-block-spacer\"><\/div>\n\n\n\n<div class=\"wp-block-buttons boton_distribuidores boton_form is-content-justification-right is-layout-flex wp-container-core-buttons-is-layout-765c4724 wp-block-buttons-is-layout-flex\">\n<div class=\"wp-block-button is-style-fill\"><a class=\"wp-block-button__link wp-element-button\">Quero ser distribuidor<\/a><\/div>\n<\/div>\n<\/div><\/div>\n\n<div class=\"translucido\"><\/div>\r\n\n<div class=\"wp-block-group form_distribuidor fix\"><div class=\"wp-block-group__inner-container is-layout-constrained wp-block-group-is-layout-constrained\">\n<p class=\"has-text-align-center cierra\">+<\/p>\n\n\n\n<div style=\"height:100px\" aria-hidden=\"true\" class=\"wp-block-spacer espacio66\"><\/div>\n\n\n\n<h1 class=\"wp-block-heading\">Quero ser distribuidor<\/h1>\n\n\n\n<div style=\"height:15px\" aria-hidden=\"true\" class=\"wp-block-spacer\"><\/div>\n\n\n\n<div class=\"wpcf7 no-js\" id=\"wpcf7-f3421-o1\" lang=\"pt-PT\" dir=\"ltr\" data-wpcf7-id=\"3421\">\n<div class=\"screen-reader-response\"><p role=\"status\" aria-live=\"polite\" aria-atomic=\"true\"><\/p> <ul><\/ul><\/div>\n<form action=\"\/pt\/wp-json\/wp\/v2\/pages\/3357#wpcf7-f3421-o1\" method=\"post\" class=\"wpcf7-form init\" aria-label=\"Formul\u00e1rio de contacto\" novalidate=\"novalidate\" data-status=\"init\">\n<fieldset class=\"hidden-fields-container\"><input type=\"hidden\" name=\"_wpcf7\" value=\"3421\" \/><input type=\"hidden\" name=\"_wpcf7_version\" value=\"6.1.3\" \/><input type=\"hidden\" name=\"_wpcf7_locale\" value=\"pt_PT\" \/><input type=\"hidden\" name=\"_wpcf7_unit_tag\" value=\"wpcf7-f3421-o1\" \/><input type=\"hidden\" name=\"_wpcf7_container_post\" value=\"0\" \/><input type=\"hidden\" name=\"_wpcf7_posted_data_hash\" value=\"\" \/>\n<\/fieldset>\n<p class=\"form-input\"><span class=\"wpcf7-form-control-wrap\" data-name=\"your-name\"><input size=\"40\" maxlength=\"400\" class=\"wpcf7-form-control wpcf7-text wpcf7-validates-as-required\" autocomplete=\"given-name\" aria-required=\"true\" aria-invalid=\"false\" placeholder=\"Nome*\" value=\"\" type=\"text\" name=\"your-name\" \/><\/span><span class=\"wpcf7-form-control-wrap\" data-name=\"your-tel\"><input size=\"40\" maxlength=\"400\" class=\"wpcf7-form-control wpcf7-tel wpcf7-validates-as-required wpcf7-text wpcf7-validates-as-tel\" autocomplete=\"tel\" aria-required=\"true\" aria-invalid=\"false\" placeholder=\"Telefone*\" value=\"\" type=\"tel\" name=\"your-tel\" \/><\/span><span class=\"wpcf7-form-control-wrap\" data-name=\"your-company\"><input size=\"40\" maxlength=\"400\" class=\"wpcf7-form-control wpcf7-text wpcf7-validates-as-required\" autocomplete=\"organization\" aria-required=\"true\" aria-invalid=\"false\" placeholder=\"Nome da empresa*\" value=\"\" type=\"text\" name=\"your-company\" \/><\/span><span class=\"wpcf7-form-control-wrap\" data-name=\"your-email\"><input size=\"40\" maxlength=\"400\" class=\"wpcf7-form-control wpcf7-email wpcf7-validates-as-required wpcf7-text wpcf7-validates-as-email\" autocomplete=\"email\" aria-required=\"true\" aria-invalid=\"false\" placeholder=\"E-mail*\" value=\"\" type=\"email\" name=\"your-email\" \/><\/span><span class=\"wpcf7-form-control-wrap\" data-name=\"your-size\"><input size=\"40\" maxlength=\"400\" class=\"wpcf7-form-control wpcf7-text wpcf7-validates-as-required\" autocomplete=\"street-address\" aria-required=\"true\" aria-invalid=\"false\" placeholder=\"Dimens\u00e3o da empresa*\" value=\"\" type=\"text\" name=\"your-size\" \/><\/span><span class=\"wpcf7-form-control-wrap\" data-name=\"your-location\"><input size=\"40\" maxlength=\"400\" class=\"wpcf7-form-control wpcf7-text wpcf7-validates-as-required\" autocomplete=\"postal-code\" aria-required=\"true\" aria-invalid=\"false\" placeholder=\"Sede*\" value=\"\" type=\"text\" name=\"your-location\" \/><\/span><span class=\"wpcf7-form-control-wrap\" data-name=\"your-why\"><textarea cols=\"40\" rows=\"10\" maxlength=\"2000\" class=\"wpcf7-form-control wpcf7-textarea\" aria-invalid=\"false\" placeholder=\"Por que queres ser distribuidor da Barrop\" name=\"your-why\"><\/textarea><\/span><span class=\"wpcf7-form-control-wrap\" data-name=\"your-comments\"><textarea cols=\"40\" rows=\"10\" maxlength=\"2000\" class=\"wpcf7-form-control wpcf7-textarea\" aria-invalid=\"false\" placeholder=\"Observa\u00e7\u00f5es\" name=\"your-comments\"><\/textarea><\/span>\n<\/p>\n<p align=\"right\" class=\"form-envio\"><input class=\"wpcf7-form-control wpcf7-submit has-spinner\" type=\"submit\" value=\"Enviar\" \/>\n<\/p>\n<div class=\"desplegable_rgpd2\">\n\t<div>\n\t\t<h3 class=\"dsplgble_titulo\" role=\"button\">INFORMA\u00c7\u00d5ES B\u00c1SICAS SOBRE A PROTE\u00c7\u00c3O DE DADOS\n\t\t<\/h3>\n\t\t<div class=\"contingut\">\n\t\t\t<p>Em cumprimento do dever de informar os titulares dos dados sobre as circunst\u00e2ncias e condi\u00e7\u00f5es do tratamento dos seus dados e sobre os direitos que lhes assistem, disponibilizamos as seguintes informa\u00e7\u00f5es:\n\t\t\t<\/p>\n\t\t\t<table class=\"tabla_form\">\n\t\t\t\t<tr>\n\t\t\t\t\t<td>\n\t\t\t\t\t\t<p>RESPONS\u00c1VEL PELO TRATAMENTO\n\t\t\t\t\t\t<\/p>\n\t\t\t\t\t<\/td>\n\t\t\t\t\t<td>\n\t\t\t\t\t\t<p>BARRIDOS DE OP SL - CIF: B46738563 Endere\u00e7o postal: AVDA BARCELONA, 49, CP: 46136 - MUSEROS (VAL\u00caNCIA)\n\t\t\t\t\t\t<\/p>\n\t\t\t\t\t<\/td>\n\t\t\t\t<\/tr>\n\t\t\t\t<tr>\n\t\t\t\t\t<td>\n\t\t\t\t\t\t<p>FINALIDADE\n\t\t\t\t\t\t<\/p>\n\t\t\t\t\t<\/td>\n\t\t\t\t\t<td>\n\t\t\t\t\t\t<p>Gerir a sua consulta\/pedido e dar-lhe resposta.\n\t\t\t\t\t\t<\/p>\n\t\t\t\t\t<\/td>\n\t\t\t\t<\/tr>\n\t\t\t\t<tr>\n\t\t\t\t\t<td>\n\t\t\t\t\t\t<p>FUNDAMENTO JUR\u00cdDICO\n\t\t\t\t\t\t<\/p>\n\t\t\t\t\t<\/td>\n\t\t\t\t\t<td>\n\t\t\t\t\t\t<p>O seu consentimento.\n\t\t\t\t\t\t<\/p>\n\t\t\t\t\t<\/td>\n\t\t\t\t<\/tr>\n\t\t\t\t<tr>\n\t\t\t\t\t<td>\n\t\t\t\t\t\t<p>DESTINAT\u00c1RIOS\n\t\t\t\t\t\t<\/p>\n\t\t\t\t\t<\/td>\n\t\t\t\t\t<td>\n\t\t\t\t\t\t<p>Os dados n\u00e3o ser\u00e3o cedidos a terceiros, salvo nos casos em que exista uma obriga\u00e7\u00e3o legal ou seja necess\u00e1ria a comunica\u00e7\u00e3o para responder \u00e0 sua consulta.\n\t\t\t\t\t\t<\/p>\n\t\t\t\t\t<\/td>\n\t\t\t\t<\/tr>\n\t\t\t\t<tr>\n\t\t\t\t\t<td>\n\t\t\t\t\t\t<p>DIREITOS\n\t\t\t\t\t\t<\/p>\n\t\t\t\t\t<\/td>\n\t\t\t\t\t<td>\n\t\t\t\t\t\t<p>Pode exercer os seus direitos de acesso, retifica\u00e7\u00e3o, oposi\u00e7\u00e3o, limita\u00e7\u00e3o, portabilidade e apagamento dos dados junto do respons\u00e1vel pelo tratamento; al\u00e9m de poder recorrer \u00e0 autoridade de controlo competente (AEPD).\n\t\t\t\t\t\t<\/p>\n\t\t\t\t\t<\/td>\n\t\t\t\t<\/tr>\n\t\t\t\t<tr>\n\t\t\t\t\t<td>\n\t\t\t\t\t\t<p>INFORMA\u00c7\u00d5ES ADICIONAIS\n\t\t\t\t\t\t<\/p>\n\t\t\t\t\t<\/td>\n\t\t\t\t\t<td>\n\t\t\t\t\t\t<p>Pode consultar informa\u00e7\u00f5es adicionais sobre o tratamento dos seus dados pessoais <a href=\"https:\/\/barrop.com\/pt\/politica-de-privacidade\/\">aqu\u00ed<\/a>.\n\t\t\t\t\t\t<\/p>\n\t\t\t\t\t<\/td>\n\t\t\t\t<\/tr>\n\t\t\t<\/table>\n\t\t<\/div>\n\t<\/div>\n<\/div>\n<p class=\"form-privacidad\"><span class=\"wpcf7-form-control-wrap\" data-name=\"acceptance-543\"><span class=\"wpcf7-form-control wpcf7-acceptance\"><span class=\"wpcf7-list-item\"><label><input type=\"checkbox\" name=\"acceptance-543\" value=\"1\" aria-invalid=\"false\" \/><span class=\"wpcf7-list-item-label\">*Li e aceito a <a href=\"https:\/\/barrop.com\/pt\/politica-de-privacidade\">Pol\u00edtica de privacidade<\/a><\/span><\/label><\/span><\/span><\/span>\n<\/p>\n<p class=\"form-emhp\"><span id=\"wpcf7-69ecdeb1a57e8-wrapper\" class=\"wpcf7-form-control-wrap email-7-wrap\" style=\"display:none !important; visibility:hidden !important;\"><label for=\"wpcf7-69ecdeb1a57e8-field\" class=\"hp-message\">Please leave this field empty.<\/label><input id=\"wpcf7-69ecdeb1a57e8-field\"  class=\"wpcf7-form-control wpcf7-text\" type=\"text\" name=\"email-7\" value=\"\" size=\"40\" tabindex=\"-1\" autocomplete=\"new-password\" \/><\/span>\n<\/p><div class=\"wpcf7-response-output\" aria-hidden=\"true\"><\/div>\n<\/form>\n<\/div>\n\n<\/div><\/div>\n\n<div style=\"height:100px\" aria-hidden=\"true\" class=\"wp-block-spacer espacio100\"><\/div>\n\n","protected":false},"excerpt":{"rendered":"<p>Distribuidores oficiais da Barrop Mais perto de si Contamos com 25 distribuidores de marcas de renome consolidadas no mercado mundial, distribu&iacute;dos por Espanha, Portugal e It&aacute;lia. A nossa premissa &eacute; garantir sempre um bom servi&ccedil;o de venda e p&oacute;s-venda. &Eacute; por isso que queremos estar o mais perto de si. + Quero ser distribuidor<\/p>\n","protected":false},"author":1,"featured_media":0,"parent":0,"menu_order":0,"comment_status":"closed","ping_status":"closed","template":"","meta":{"footnotes":""},"class_list":["post-3357","page","type-page","status-publish"],"_links":{"self":[{"href":"https:\/\/barrop.com\/pt\/wp-json\/wp\/v2\/pages\/3357","targetHints":{"allow":["GET"]}}],"collection":[{"href":"https:\/\/barrop.com\/pt\/wp-json\/wp\/v2\/pages"}],"about":[{"href":"https:\/\/barrop.com\/pt\/wp-json\/wp\/v2\/types\/page"}],"author":[{"embeddable":true,"href":"https:\/\/barrop.com\/pt\/wp-json\/wp\/v2\/users\/1"}],"replies":[{"embeddable":true,"href":"https:\/\/barrop.com\/pt\/wp-json\/wp\/v2\/comments?post=3357"}],"version-history":[{"count":0,"href":"https:\/\/barrop.com\/pt\/wp-json\/wp\/v2\/pages\/3357\/revisions"}],"wp:attachment":[{"href":"https:\/\/barrop.com\/pt\/wp-json\/wp\/v2\/media?parent=3357"}],"curies":[{"name":"wp","href":"https:\/\/api.w.org\/{rel}","templated":true}]}}