{"id":2106,"date":"2024-07-09T16:28:56","date_gmt":"2024-07-09T14:28:56","guid":{"rendered":"https:\/\/barrop.com\/?page_id=2106"},"modified":"2025-06-03T17:11:54","modified_gmt":"2025-06-03T15:11:54","slug":"handler","status":"publish","type":"page","link":"https:\/\/barrop.com\/de\/handler\/","title":{"rendered":"H\u00e4ndler"},"content":{"rendered":"\n<div class=\"wp-block-group mas_ancho\"><div class=\"wp-block-group__inner-container is-layout-constrained wp-block-group-is-layout-constrained\">\n<h1 class=\"wp-block-heading\">Offizielle Vertriebspartner von Barrop<\/h1>\n\n\n\n<p><strong>N&auml;her bei Ihnen<\/strong><\/p>\n\n\n\n<p>Wir arbeiten mit 25 Vetriebspartnern in Spanien, Portugal und Italien, die weltweit anerkannte, f&uuml;hrende Marken vertreten<\/p>\n\n\n\n<p>Unsere Pr&auml;misse ist es, immer einen guten Verkaufs- und After-Sales-Service zu bieten. Deshalb m&ouml;chten wir so nah wie m&ouml;glich an Ihnen dran sein.<\/p>\n<\/div><\/div>\n\n\n\n<div class=\"wp-block-group mas_ancho\"><div class=\"wp-block-group__inner-container is-layout-constrained wp-block-group-is-layout-constrained\"><style>\r\n\t#wpsl-stores .wpsl-store-thumb {height:45px !important; width:45px !important;}\r\n\t#wpsl-stores, #wpsl-direction-details, #wpsl-gmap {height:510px !important;}\r\n\t#wpsl-gmap .wpsl-info-window {max-width:225px !important;}\r\n\t.wpsl-input label, #wpsl-radius label, #wpsl-category label {width:95px;}\r\n\t#wpsl-search-input  {width:179px;}\r\n<\/style>\r\n<div id=\"wpsl-wrap\">\r\n\t<div class=\"wpsl-search wpsl-clearfix wpsl-no-filters\">\r\n\t\t<div id=\"wpsl-search-wrap\">\r\n\t\t\t<form autocomplete=\"off\">\r\n\t\t\t<div class=\"wpsl-input\">\r\n\t\t\t\t<div><label for=\"wpsl-search-input\">Your location<\/label><\/div>\r\n\t\t\t\t<input id=\"wpsl-search-input\" type=\"text\" value=\"\" name=\"wpsl-search-input\" placeholder=\"\" aria-required=\"true\" \/>\r\n\t\t\t<\/div>\r\n\t\t\t\t<div class=\"wpsl-search-btn-wrap\"><input id=\"wpsl-search-btn\" type=\"submit\" value=\"Search\"><\/div>\r\n\t\t<\/form>\r\n\t\t<\/div>\r\n\t<\/div>\r\n\t<div id=\"wpsl-gmap\" class=\"wpsl-gmap-canvas\"><\/div>\r\n\t<div id=\"wpsl-result-list\">\r\n\t\t<div id=\"wpsl-stores\" >\r\n\t\t\t<ul><\/ul>\r\n\t\t<\/div>\r\n\t\t<div id=\"wpsl-direction-details\">\r\n\t\t\t<ul><\/ul>\r\n\t\t<\/div>\r\n\t<\/div>\r\n<\/div>\r\n\n\n\n\n<div style=\"height:12px\" aria-hidden=\"true\" class=\"wp-block-spacer\"><\/div>\n\n\n\n<div class=\"wp-block-buttons boton_distribuidores boton_form is-content-justification-right is-layout-flex wp-container-core-buttons-is-layout-765c4724 wp-block-buttons-is-layout-flex\">\n<div class=\"wp-block-button is-style-fill\"><a class=\"wp-block-button__link wp-element-button\">Ich m&ouml;chte Vertriebspartner werden<\/a><\/div>\n<\/div>\n<\/div><\/div>\n\n\n\n<div class=\"translucido\"><\/div>\n\n\n\n<div class=\"wp-block-group form_distribuidor fix\"><div class=\"wp-block-group__inner-container is-layout-constrained wp-block-group-is-layout-constrained\">\n<p class=\"has-text-align-center cierra\">+<\/p>\n\n\n\n<div style=\"height:100px\" aria-hidden=\"true\" class=\"wp-block-spacer espacio66\"><\/div>\n\n\n\n<h1 class=\"wp-block-heading\">Ich m&ouml;chte Vertriebspartner werden<\/h1>\n\n\n\n<div style=\"height:15px\" aria-hidden=\"true\" class=\"wp-block-spacer\"><\/div>\n\n\n\n<div class=\"wpcf7 no-js\" id=\"wpcf7-f2497-o1\" lang=\"de-DE\" dir=\"ltr\" data-wpcf7-id=\"2497\">\n<div class=\"screen-reader-response\"><p role=\"status\" aria-live=\"polite\" aria-atomic=\"true\"><\/p> <ul><\/ul><\/div>\n<form action=\"\/de\/wp-json\/wp\/v2\/pages\/2106#wpcf7-f2497-o1\" method=\"post\" class=\"wpcf7-form init\" aria-label=\"Kontaktformular\" novalidate=\"novalidate\" data-status=\"init\">\n<fieldset class=\"hidden-fields-container\"><input type=\"hidden\" name=\"_wpcf7\" value=\"2497\" \/><input type=\"hidden\" name=\"_wpcf7_version\" value=\"6.1.3\" \/><input type=\"hidden\" name=\"_wpcf7_locale\" value=\"de_DE\" \/><input type=\"hidden\" name=\"_wpcf7_unit_tag\" value=\"wpcf7-f2497-o1\" \/><input type=\"hidden\" name=\"_wpcf7_container_post\" value=\"0\" \/><input type=\"hidden\" name=\"_wpcf7_posted_data_hash\" value=\"\" \/>\n<\/fieldset>\n<p class=\"form-input\"><span class=\"wpcf7-form-control-wrap\" data-name=\"your-name\"><input size=\"40\" maxlength=\"400\" class=\"wpcf7-form-control wpcf7-text wpcf7-validates-as-required\" autocomplete=\"given-name\" aria-required=\"true\" aria-invalid=\"false\" placeholder=\"Name*\" value=\"\" type=\"text\" name=\"your-name\" \/><\/span><span class=\"wpcf7-form-control-wrap\" data-name=\"your-tel\"><input size=\"40\" maxlength=\"400\" class=\"wpcf7-form-control wpcf7-tel wpcf7-validates-as-required wpcf7-text wpcf7-validates-as-tel\" autocomplete=\"tel\" aria-required=\"true\" aria-invalid=\"false\" placeholder=\"Telefon*\" value=\"\" type=\"tel\" name=\"your-tel\" \/><\/span><span class=\"wpcf7-form-control-wrap\" data-name=\"your-company\"><input size=\"40\" maxlength=\"400\" class=\"wpcf7-form-control wpcf7-text wpcf7-validates-as-required\" autocomplete=\"organization\" aria-required=\"true\" aria-invalid=\"false\" placeholder=\"Name des Unternehmens*\" value=\"\" type=\"text\" name=\"your-company\" \/><\/span><span class=\"wpcf7-form-control-wrap\" data-name=\"your-email\"><input size=\"40\" maxlength=\"400\" class=\"wpcf7-form-control wpcf7-email wpcf7-validates-as-required wpcf7-text wpcf7-validates-as-email\" autocomplete=\"email\" aria-required=\"true\" aria-invalid=\"false\" placeholder=\"Mail*\" value=\"\" type=\"email\" name=\"your-email\" \/><\/span><span class=\"wpcf7-form-control-wrap\" data-name=\"your-size\"><input size=\"40\" maxlength=\"400\" class=\"wpcf7-form-control wpcf7-text wpcf7-validates-as-required\" autocomplete=\"street-address\" aria-required=\"true\" aria-invalid=\"false\" placeholder=\"Gr\u00f6\u00dfe des Unternehmens*\" value=\"\" type=\"text\" name=\"your-size\" \/><\/span><span class=\"wpcf7-form-control-wrap\" data-name=\"your-location\"><input size=\"40\" maxlength=\"400\" class=\"wpcf7-form-control wpcf7-text wpcf7-validates-as-required\" autocomplete=\"postal-code\" aria-required=\"true\" aria-invalid=\"false\" placeholder=\"Zentrale*\" value=\"\" type=\"text\" name=\"your-location\" \/><\/span><span class=\"wpcf7-form-control-wrap\" data-name=\"your-why\"><textarea cols=\"40\" rows=\"10\" maxlength=\"2000\" class=\"wpcf7-form-control wpcf7-textarea\" aria-invalid=\"false\" placeholder=\"Warum Sie Barrop-H\u00e4ndler werden wollen\" name=\"your-why\"><\/textarea><\/span><span class=\"wpcf7-form-control-wrap\" data-name=\"your-comments\"><textarea cols=\"40\" rows=\"10\" maxlength=\"2000\" class=\"wpcf7-form-control wpcf7-textarea\" aria-invalid=\"false\" placeholder=\"Kommentare\" name=\"your-comments\"><\/textarea><\/span>\n<\/p>\n<p align=\"right\" class=\"form-envio\"><input class=\"wpcf7-form-control wpcf7-submit has-spinner\" type=\"submit\" value=\"Einreichen\" \/>\n<\/p>\n<div class=\"desplegable_rgpd2\">\n\t<div>\n\t\t<h3 class=\"dsplgble_titulo\" role=\"button\">GRUNDLEGENDER DATENSCHUTZ\n\t\t<\/h3>\n\t\t<div class=\"contingut\">\n\t\t\t<p>In Erf\u00fcllung der Informationspflicht gem\u00e4\u00df der Datenschutzverordnung stellen wir Ihnen die folgenden Informationen zur Verarbeitung Ihrer personenbezogenen Daten zur Verf\u00fcgung:\n\t\t\t<\/p>\n\t\t\t<table class=\"tabla_form\">\n\t\t\t\t<tr>\n\t\t\t\t\t<td>\n\t\t\t\t\t\t<p>VERANTWORTLICHER\n\t\t\t\t\t\t<\/p>\n\t\t\t\t\t<\/td>\n\t\t\t\t\t<td>\n\t\t\t\t\t\t<p>BARRIDOS DE OP SL Tax ID Number: B46738563 Zip Code: AVDA BARCELONA, 49, CP: 46136 - MUSEROS (VALENCIA)\n\t\t\t\t\t\t<\/p>\n\t\t\t\t\t<\/td>\n\t\t\t\t<\/tr>\n\t\t\t\t<tr>\n\t\t\t\t\t<td>\n\t\t\t\t\t\t<p>ZWECKE\n\t\t\t\t\t\t<\/p>\n\t\t\t\t\t<\/td>\n\t\t\t\t\t<td>\n\t\t\t\t\t\t<p>Verwaltung Ihrer Anfrage und Beantwortung derselben.\n\t\t\t\t\t\t<\/p>\n\t\t\t\t\t<\/td>\n\t\t\t\t<\/tr>\n\t\t\t\t<tr>\n\t\t\t\t\t<td>\n\t\t\t\t\t\t<p>RECHTSGRUNDLAGE\n\t\t\t\t\t\t<\/p>\n\t\t\t\t\t<\/td>\n\t\t\t\t\t<td>\n\t\t\t\t\t\t<p>Ihre Einwilligung.\n\t\t\t\t\t\t<\/p>\n\t\t\t\t\t<\/td>\n\t\t\t\t<\/tr>\n\t\t\t\t<tr>\n\t\t\t\t\t<td>\n\t\t\t\t\t\t<p>EMPF\u00c4NGER\n\t\t\t\t\t\t<\/p>\n\t\t\t\t\t<\/td>\n\t\t\t\t\t<td>\n\t\t\t\t\t\t<p>Die personenbezogenen Daten werden nicht an Dritte weitergegeben, es sei denn, es besteht eine gesetzliche Verpflichtung oder es ist notwendig, um Ihre Anfrage zu beantworten.\n\t\t\t\t\t\t<\/p>\n\t\t\t\t\t<\/td>\n\t\t\t\t<\/tr>\n\t\t\t\t<tr>\n\t\t\t\t\t<td>\n\t\t\t\t\t\t<p>RECHTE\n\t\t\t\t\t\t<\/p>\n\t\t\t\t\t<\/td>\n\t\t\t\t\t<td>\n\t\t\t\t\t\t<p>Sie haben das Recht, Ihre Rechte auf Auskunft, Berichtigung, L\u00f6schung, Einschr\u00e4nkung, Daten\u00fcbertragbarkeit und Widerspruch auszu\u00fcben. Dar\u00fcber hinaus haben Sie das Recht, eine Beschwerde bei einer Aufsichtsbeh\u00f6rde einzureichen.\n\t\t\t\t\t\t<\/p>\n\t\t\t\t\t<\/td>\n\t\t\t\t<\/tr>\n\t\t\t\t<tr>\n\t\t\t\t\t<td>\n\t\t\t\t\t\t<p>ZUS\u00c4TZLICHE INFORMATIONEN\n\t\t\t\t\t\t<\/p>\n\t\t\t\t\t<\/td>\n\t\t\t\t\t<td>\n\t\t\t\t\t\t<p>Sie k\u00f6nnen zus\u00e4tzliche Informationen zur Verarbeitung Ihrer personenbezogenen Daten <a href=\"https:\/\/barrop.com\/de\/datenschutzerklaerung\/\">hier<\/a> einsehen.\n\t\t\t\t\t\t<\/p>\n\t\t\t\t\t<\/td>\n\t\t\t\t<\/tr>\n\t\t\t<\/table>\n\t\t<\/div>\n\t<\/div>\n<\/div>\n<p class=\"form-privacidad\"><span class=\"wpcf7-form-control-wrap\" data-name=\"acceptance-543\"><span class=\"wpcf7-form-control wpcf7-acceptance\"><span class=\"wpcf7-list-item\"><label><input type=\"checkbox\" name=\"acceptance-543\" value=\"1\" aria-invalid=\"false\" \/><span class=\"wpcf7-list-item-label\">*Ich habe die <a href=\"https:\/\/barrop.com\/de\/datenschutzerklaerung\/\">Datenschutzbestimmungen<\/a> gelesen und akzeptiere sie<\/span><\/label><\/span><\/span><\/span>\n<\/p>\n<p class=\"form-emhp\"><span id=\"wpcf7-69e776bf73170-wrapper\" class=\"wpcf7-form-control-wrap email-7-wrap\" style=\"display:none !important; visibility:hidden !important;\"><label for=\"wpcf7-69e776bf73170-field\" class=\"hp-message\">Bitte lasse dieses Feld leer.<\/label><input id=\"wpcf7-69e776bf73170-field\"  class=\"wpcf7-form-control wpcf7-text\" type=\"text\" name=\"email-7\" value=\"\" size=\"40\" tabindex=\"-1\" autocomplete=\"new-password\" \/><\/span>\n<\/p><div class=\"wpcf7-response-output\" aria-hidden=\"true\"><\/div>\n<\/form>\n<\/div>\n\n<\/div><\/div>\n\n\n\n<div style=\"height:100px\" aria-hidden=\"true\" class=\"wp-block-spacer espacio100\"><\/div>\n\n","protected":false},"excerpt":{"rendered":"<p>Offizielle Vertriebspartner von Barrop N&auml;her bei Ihnen Wir arbeiten mit 25 Vetriebspartnern in Spanien, Portugal und Italien, die weltweit anerkannte, f&uuml;hrende Marken vertreten Unsere Pr&auml;misse ist es, immer einen guten Verkaufs- und After-Sales-Service zu bieten. Deshalb m&ouml;chten wir so nah wie m&ouml;glich an Ihnen dran sein. + Ich m&ouml;chte Vertriebspartner werden<\/p>\n","protected":false},"author":1,"featured_media":0,"parent":0,"menu_order":0,"comment_status":"closed","ping_status":"closed","template":"","meta":{"footnotes":""},"class_list":["post-2106","page","type-page","status-publish"],"_links":{"self":[{"href":"https:\/\/barrop.com\/de\/wp-json\/wp\/v2\/pages\/2106","targetHints":{"allow":["GET"]}}],"collection":[{"href":"https:\/\/barrop.com\/de\/wp-json\/wp\/v2\/pages"}],"about":[{"href":"https:\/\/barrop.com\/de\/wp-json\/wp\/v2\/types\/page"}],"author":[{"embeddable":true,"href":"https:\/\/barrop.com\/de\/wp-json\/wp\/v2\/users\/1"}],"replies":[{"embeddable":true,"href":"https:\/\/barrop.com\/de\/wp-json\/wp\/v2\/comments?post=2106"}],"version-history":[{"count":0,"href":"https:\/\/barrop.com\/de\/wp-json\/wp\/v2\/pages\/2106\/revisions"}],"wp:attachment":[{"href":"https:\/\/barrop.com\/de\/wp-json\/wp\/v2\/media?parent=2106"}],"curies":[{"name":"wp","href":"https:\/\/api.w.org\/{rel}","templated":true}]}}